{"id":517,"date":"2013-02-11T13:51:53","date_gmt":"2013-02-11T13:51:53","guid":{"rendered":"http:\/\/zezivotaryb.cz\/?page_id=517"},"modified":"2013-05-06T09:44:05","modified_gmt":"2013-05-06T09:44:05","slug":"uhoroviti","status":"publish","type":"page","link":"https:\/\/zezivotaryb.cz\/?page_id=517","title":{"rendered":"\u00daho\u0159ovit\u00ed"},"content":{"rendered":"<h4><span style=\"color: #808080;\">\u00daho\u0159 \u0159\u00ed\u010dn\u00ed (<em>Anguilla anguilla<\/em>)<\/span><\/h4>\n<div data-carousel-extra='{\"blog_id\":1,\"permalink\":\"https:\\\/\\\/zezivotaryb.cz\\\/?page_id=517\"}' id='gallery-1' class='gallery galleryid-517 gallery-columns-3 gallery-size-thumbnail'><figure class='gallery-item'>\n\t\t\t<div class='gallery-icon landscape'>\n\t\t\t\t<a href='https:\/\/zezivotaryb.cz\/wp-content\/uploads\/2013\/02\/Uhor-ricni-Anguilla-anguilla.jpg'><img loading=\"lazy\" decoding=\"async\" width=\"150\" height=\"99\" src=\"https:\/\/zezivotaryb.cz\/wp-content\/uploads\/2013\/02\/Uhor-ricni-Anguilla-anguilla-150x99.jpg\" class=\"attachment-thumbnail size-thumbnail\" alt=\"\" srcset=\"https:\/\/zezivotaryb.cz\/wp-content\/uploads\/2013\/02\/Uhor-ricni-Anguilla-anguilla-150x99.jpg 150w, https:\/\/zezivotaryb.cz\/wp-content\/uploads\/2013\/02\/Uhor-ricni-Anguilla-anguilla-300x199.jpg 300w, https:\/\/zezivotaryb.cz\/wp-content\/uploads\/2013\/02\/Uhor-ricni-Anguilla-anguilla.jpg 501w\" sizes=\"auto, (max-width: 150px) 100vw, 150px\" data-attachment-id=\"892\" data-permalink=\"https:\/\/zezivotaryb.cz\/?attachment_id=892\" data-orig-file=\"https:\/\/zezivotaryb.cz\/wp-content\/uploads\/2013\/02\/Uhor-ricni-Anguilla-anguilla.jpg\" data-orig-size=\"501,334\" data-comments-opened=\"1\" data-image-meta=\"{&quot;aperture&quot;:&quot;7.1&quot;,&quot;credit&quot;:&quot;R.STEFANEK&quot;,&quot;camera&quot;:&quot;Canon EOS 550D&quot;,&quot;caption&quot;:&quot;&quot;,&quot;created_timestamp&quot;:&quot;1345560324&quot;,&quot;copyright&quot;:&quot;R. \\u0160tef\\u00e1nek&quot;,&quot;focal_length&quot;:&quot;20&quot;,&quot;iso&quot;:&quot;400&quot;,&quot;shutter_speed&quot;:&quot;0.0125&quot;,&quot;title&quot;:&quot;&quot;}\" data-image-title=\"Uhor ricni (Anguilla anguilla)\" data-image-description=\"\" data-image-caption=\"\" data-medium-file=\"https:\/\/zezivotaryb.cz\/wp-content\/uploads\/2013\/02\/Uhor-ricni-Anguilla-anguilla-300x199.jpg\" data-large-file=\"https:\/\/zezivotaryb.cz\/wp-content\/uploads\/2013\/02\/Uhor-ricni-Anguilla-anguilla.jpg\" \/><\/a>\n\t\t\t<\/div><\/figure><figure class='gallery-item'>\n\t\t\t<div class='gallery-icon landscape'>\n\t\t\t\t<a href='https:\/\/zezivotaryb.cz\/wp-content\/uploads\/2013\/05\/uhor-ricni-Anguilla-anguilla-01.jpg'><img loading=\"lazy\" decoding=\"async\" width=\"150\" height=\"99\" src=\"https:\/\/zezivotaryb.cz\/wp-content\/uploads\/2013\/05\/uhor-ricni-Anguilla-anguilla-01-150x99.jpg\" class=\"attachment-thumbnail size-thumbnail\" alt=\"\" srcset=\"https:\/\/zezivotaryb.cz\/wp-content\/uploads\/2013\/05\/uhor-ricni-Anguilla-anguilla-01-150x99.jpg 150w, https:\/\/zezivotaryb.cz\/wp-content\/uploads\/2013\/05\/uhor-ricni-Anguilla-anguilla-01-300x199.jpg 300w, https:\/\/zezivotaryb.cz\/wp-content\/uploads\/2013\/05\/uhor-ricni-Anguilla-anguilla-01.jpg 501w\" sizes=\"auto, (max-width: 150px) 100vw, 150px\" data-attachment-id=\"1095\" data-permalink=\"https:\/\/zezivotaryb.cz\/?attachment_id=1095\" data-orig-file=\"https:\/\/zezivotaryb.cz\/wp-content\/uploads\/2013\/05\/uhor-ricni-Anguilla-anguilla-01.jpg\" data-orig-size=\"501,334\" data-comments-opened=\"1\" data-image-meta=\"{&quot;aperture&quot;:&quot;7.1&quot;,&quot;credit&quot;:&quot;R.STEFANEK&quot;,&quot;camera&quot;:&quot;Canon EOS 550D&quot;,&quot;caption&quot;:&quot;&quot;,&quot;created_timestamp&quot;:&quot;1345560324&quot;,&quot;copyright&quot;:&quot;R. \\u0160tef\\u00e1nek&quot;,&quot;focal_length&quot;:&quot;20&quot;,&quot;iso&quot;:&quot;400&quot;,&quot;shutter_speed&quot;:&quot;0.0125&quot;,&quot;title&quot;:&quot;&quot;}\" data-image-title=\"uhor ricni (Anguilla anguilla) 01\" data-image-description=\"\" data-image-caption=\"\" data-medium-file=\"https:\/\/zezivotaryb.cz\/wp-content\/uploads\/2013\/05\/uhor-ricni-Anguilla-anguilla-01-300x199.jpg\" data-large-file=\"https:\/\/zezivotaryb.cz\/wp-content\/uploads\/2013\/05\/uhor-ricni-Anguilla-anguilla-01.jpg\" \/><\/a>\n\t\t\t<\/div><\/figure><figure class='gallery-item'>\n\t\t\t<div class='gallery-icon landscape'>\n\t\t\t\t<a href='https:\/\/zezivotaryb.cz\/wp-content\/uploads\/2013\/05\/uhor-ricni-Anguilla-anguilla-04.jpg'><img loading=\"lazy\" decoding=\"async\" width=\"150\" height=\"99\" src=\"https:\/\/zezivotaryb.cz\/wp-content\/uploads\/2013\/05\/uhor-ricni-Anguilla-anguilla-04-150x99.jpg\" class=\"attachment-thumbnail size-thumbnail\" alt=\"\" srcset=\"https:\/\/zezivotaryb.cz\/wp-content\/uploads\/2013\/05\/uhor-ricni-Anguilla-anguilla-04-150x99.jpg 150w, https:\/\/zezivotaryb.cz\/wp-content\/uploads\/2013\/05\/uhor-ricni-Anguilla-anguilla-04-300x199.jpg 300w, https:\/\/zezivotaryb.cz\/wp-content\/uploads\/2013\/05\/uhor-ricni-Anguilla-anguilla-04.jpg 501w\" sizes=\"auto, (max-width: 150px) 100vw, 150px\" data-attachment-id=\"1098\" data-permalink=\"https:\/\/zezivotaryb.cz\/?attachment_id=1098\" data-orig-file=\"https:\/\/zezivotaryb.cz\/wp-content\/uploads\/2013\/05\/uhor-ricni-Anguilla-anguilla-04.jpg\" data-orig-size=\"501,334\" data-comments-opened=\"1\" data-image-meta=\"{&quot;aperture&quot;:&quot;7.1&quot;,&quot;credit&quot;:&quot;R.STEFANEK&quot;,&quot;camera&quot;:&quot;Canon EOS 550D&quot;,&quot;caption&quot;:&quot;&quot;,&quot;created_timestamp&quot;:&quot;1345560324&quot;,&quot;copyright&quot;:&quot;R. \\u0160tef\\u00e1nek&quot;,&quot;focal_length&quot;:&quot;20&quot;,&quot;iso&quot;:&quot;400&quot;,&quot;shutter_speed&quot;:&quot;0.0125&quot;,&quot;title&quot;:&quot;&quot;}\" data-image-title=\"uhor ricni (Anguilla anguilla) 04\" data-image-description=\"\" data-image-caption=\"\" data-medium-file=\"https:\/\/zezivotaryb.cz\/wp-content\/uploads\/2013\/05\/uhor-ricni-Anguilla-anguilla-04-300x199.jpg\" data-large-file=\"https:\/\/zezivotaryb.cz\/wp-content\/uploads\/2013\/05\/uhor-ricni-Anguilla-anguilla-04.jpg\" \/><\/a>\n\t\t\t<\/div><\/figure><figure class='gallery-item'>\n\t\t\t<div class='gallery-icon landscape'>\n\t\t\t\t<a href='https:\/\/zezivotaryb.cz\/wp-content\/uploads\/2013\/05\/uhor-ricni-Anguilla-anguilla.jpg'><img loading=\"lazy\" decoding=\"async\" width=\"150\" height=\"99\" src=\"https:\/\/zezivotaryb.cz\/wp-content\/uploads\/2013\/05\/uhor-ricni-Anguilla-anguilla-150x99.jpg\" class=\"attachment-thumbnail size-thumbnail\" alt=\"\" srcset=\"https:\/\/zezivotaryb.cz\/wp-content\/uploads\/2013\/05\/uhor-ricni-Anguilla-anguilla-150x99.jpg 150w, https:\/\/zezivotaryb.cz\/wp-content\/uploads\/2013\/05\/uhor-ricni-Anguilla-anguilla-300x199.jpg 300w, https:\/\/zezivotaryb.cz\/wp-content\/uploads\/2013\/05\/uhor-ricni-Anguilla-anguilla.jpg 501w\" sizes=\"auto, (max-width: 150px) 100vw, 150px\" data-attachment-id=\"1102\" data-permalink=\"https:\/\/zezivotaryb.cz\/?attachment_id=1102\" data-orig-file=\"https:\/\/zezivotaryb.cz\/wp-content\/uploads\/2013\/05\/uhor-ricni-Anguilla-anguilla.jpg\" data-orig-size=\"501,334\" data-comments-opened=\"1\" data-image-meta=\"{&quot;aperture&quot;:&quot;7.1&quot;,&quot;credit&quot;:&quot;R.STEFANEK&quot;,&quot;camera&quot;:&quot;Canon EOS 550D&quot;,&quot;caption&quot;:&quot;&quot;,&quot;created_timestamp&quot;:&quot;1345560324&quot;,&quot;copyright&quot;:&quot;R. \\u0160tef\\u00e1nek&quot;,&quot;focal_length&quot;:&quot;20&quot;,&quot;iso&quot;:&quot;400&quot;,&quot;shutter_speed&quot;:&quot;0.0125&quot;,&quot;title&quot;:&quot;&quot;}\" data-image-title=\"uhor ricni (Anguilla anguilla)\" data-image-description=\"\" data-image-caption=\"\" data-medium-file=\"https:\/\/zezivotaryb.cz\/wp-content\/uploads\/2013\/05\/uhor-ricni-Anguilla-anguilla-300x199.jpg\" data-large-file=\"https:\/\/zezivotaryb.cz\/wp-content\/uploads\/2013\/05\/uhor-ricni-Anguilla-anguilla.jpg\" \/><\/a>\n\t\t\t<\/div><\/figure><figure class='gallery-item'>\n\t\t\t<div class='gallery-icon landscape'>\n\t\t\t\t<a href='https:\/\/zezivotaryb.cz\/wp-content\/uploads\/2013\/05\/uhor-ricni-Anguilla-anguilla-05.jpg'><img loading=\"lazy\" decoding=\"async\" width=\"150\" height=\"99\" src=\"https:\/\/zezivotaryb.cz\/wp-content\/uploads\/2013\/05\/uhor-ricni-Anguilla-anguilla-05-150x99.jpg\" class=\"attachment-thumbnail size-thumbnail\" alt=\"\" srcset=\"https:\/\/zezivotaryb.cz\/wp-content\/uploads\/2013\/05\/uhor-ricni-Anguilla-anguilla-05-150x99.jpg 150w, https:\/\/zezivotaryb.cz\/wp-content\/uploads\/2013\/05\/uhor-ricni-Anguilla-anguilla-05-300x199.jpg 300w, https:\/\/zezivotaryb.cz\/wp-content\/uploads\/2013\/05\/uhor-ricni-Anguilla-anguilla-05.jpg 501w\" sizes=\"auto, (max-width: 150px) 100vw, 150px\" data-attachment-id=\"1099\" data-permalink=\"https:\/\/zezivotaryb.cz\/?attachment_id=1099\" data-orig-file=\"https:\/\/zezivotaryb.cz\/wp-content\/uploads\/2013\/05\/uhor-ricni-Anguilla-anguilla-05.jpg\" data-orig-size=\"501,334\" data-comments-opened=\"1\" data-image-meta=\"{&quot;aperture&quot;:&quot;7.1&quot;,&quot;credit&quot;:&quot;R.STEFANEK&quot;,&quot;camera&quot;:&quot;Canon EOS 550D&quot;,&quot;caption&quot;:&quot;&quot;,&quot;created_timestamp&quot;:&quot;1345560324&quot;,&quot;copyright&quot;:&quot;R. \\u0160tef\\u00e1nek&quot;,&quot;focal_length&quot;:&quot;20&quot;,&quot;iso&quot;:&quot;400&quot;,&quot;shutter_speed&quot;:&quot;0.0125&quot;,&quot;title&quot;:&quot;&quot;}\" data-image-title=\"uhor ricni (Anguilla anguilla) 05\" data-image-description=\"\" data-image-caption=\"\" data-medium-file=\"https:\/\/zezivotaryb.cz\/wp-content\/uploads\/2013\/05\/uhor-ricni-Anguilla-anguilla-05-300x199.jpg\" data-large-file=\"https:\/\/zezivotaryb.cz\/wp-content\/uploads\/2013\/05\/uhor-ricni-Anguilla-anguilla-05.jpg\" \/><\/a>\n\t\t\t<\/div><\/figure><figure class='gallery-item'>\n\t\t\t<div class='gallery-icon landscape'>\n\t\t\t\t<a href='https:\/\/zezivotaryb.cz\/wp-content\/uploads\/2013\/05\/uhor-ricni-Anguilla-anguilla-02.jpg'><img loading=\"lazy\" decoding=\"async\" width=\"150\" height=\"99\" src=\"https:\/\/zezivotaryb.cz\/wp-content\/uploads\/2013\/05\/uhor-ricni-Anguilla-anguilla-02-150x99.jpg\" class=\"attachment-thumbnail size-thumbnail\" alt=\"\" srcset=\"https:\/\/zezivotaryb.cz\/wp-content\/uploads\/2013\/05\/uhor-ricni-Anguilla-anguilla-02-150x99.jpg 150w, https:\/\/zezivotaryb.cz\/wp-content\/uploads\/2013\/05\/uhor-ricni-Anguilla-anguilla-02-300x199.jpg 300w, https:\/\/zezivotaryb.cz\/wp-content\/uploads\/2013\/05\/uhor-ricni-Anguilla-anguilla-02.jpg 501w\" sizes=\"auto, (max-width: 150px) 100vw, 150px\" data-attachment-id=\"1096\" data-permalink=\"https:\/\/zezivotaryb.cz\/?attachment_id=1096\" data-orig-file=\"https:\/\/zezivotaryb.cz\/wp-content\/uploads\/2013\/05\/uhor-ricni-Anguilla-anguilla-02.jpg\" data-orig-size=\"501,334\" data-comments-opened=\"1\" data-image-meta=\"{&quot;aperture&quot;:&quot;7.1&quot;,&quot;credit&quot;:&quot;R.STEFANEK&quot;,&quot;camera&quot;:&quot;Canon EOS 550D&quot;,&quot;caption&quot;:&quot;&quot;,&quot;created_timestamp&quot;:&quot;1345560324&quot;,&quot;copyright&quot;:&quot;R. \\u0160tef\\u00e1nek&quot;,&quot;focal_length&quot;:&quot;20&quot;,&quot;iso&quot;:&quot;400&quot;,&quot;shutter_speed&quot;:&quot;0.0125&quot;,&quot;title&quot;:&quot;&quot;}\" data-image-title=\"uhor ricni (Anguilla anguilla) 02\" data-image-description=\"\" data-image-caption=\"\" data-medium-file=\"https:\/\/zezivotaryb.cz\/wp-content\/uploads\/2013\/05\/uhor-ricni-Anguilla-anguilla-02-300x199.jpg\" data-large-file=\"https:\/\/zezivotaryb.cz\/wp-content\/uploads\/2013\/05\/uhor-ricni-Anguilla-anguilla-02.jpg\" \/><\/a>\n\t\t\t<\/div><\/figure>\n\t\t<\/div>\n\n","protected":false},"excerpt":{"rendered":"<p>\u00daho\u0159 \u0159\u00ed\u010dn\u00ed (Anguilla anguilla)<\/p>\n","protected":false},"author":1,"featured_media":0,"parent":66,"menu_order":0,"comment_status":"open","ping_status":"open","template":"","meta":{"footnotes":""},"class_list":["post-517","page","type-page","status-publish","hentry"],"jetpack_sharing_enabled":true,"_links":{"self":[{"href":"https:\/\/zezivotaryb.cz\/index.php?rest_route=\/wp\/v2\/pages\/517","targetHints":{"allow":["GET"]}}],"collection":[{"href":"https:\/\/zezivotaryb.cz\/index.php?rest_route=\/wp\/v2\/pages"}],"about":[{"href":"https:\/\/zezivotaryb.cz\/index.php?rest_route=\/wp\/v2\/types\/page"}],"author":[{"embeddable":true,"href":"https:\/\/zezivotaryb.cz\/index.php?rest_route=\/wp\/v2\/users\/1"}],"replies":[{"embeddable":true,"href":"https:\/\/zezivotaryb.cz\/index.php?rest_route=%2Fwp%2Fv2%2Fcomments&post=517"}],"version-history":[{"count":9,"href":"https:\/\/zezivotaryb.cz\/index.php?rest_route=\/wp\/v2\/pages\/517\/revisions"}],"predecessor-version":[{"id":1120,"href":"https:\/\/zezivotaryb.cz\/index.php?rest_route=\/wp\/v2\/pages\/517\/revisions\/1120"}],"up":[{"embeddable":true,"href":"https:\/\/zezivotaryb.cz\/index.php?rest_route=\/wp\/v2\/pages\/66"}],"wp:attachment":[{"href":"https:\/\/zezivotaryb.cz\/index.php?rest_route=%2Fwp%2Fv2%2Fmedia&parent=517"}],"curies":[{"name":"wp","href":"https:\/\/api.w.org\/{rel}","templated":true}]}}