{"id":500,"date":"2013-02-11T07:32:42","date_gmt":"2013-02-11T07:32:42","guid":{"rendered":"http:\/\/zezivotaryb.cz\/?page_id=500"},"modified":"2014-04-13T19:25:08","modified_gmt":"2014-04-13T19:25:08","slug":"okonkoviti","status":"publish","type":"page","link":"https:\/\/zezivotaryb.cz\/?page_id=500","title":{"rendered":"Okounkovit\u00ed"},"content":{"rendered":"<h4><span style=\"color: #808080;\"><strong>Slune\u010dnice pestr\u00e1 <\/strong>(<em>Lepomis gibbosus<\/em>)<\/span><\/h4>\n<div data-carousel-extra='{\"blog_id\":1,\"permalink\":\"https:\\\/\\\/zezivotaryb.cz\\\/?page_id=500\"}' id='gallery-1' class='gallery galleryid-500 gallery-columns-3 gallery-size-thumbnail'><figure class='gallery-item'>\n\t\t\t<div class='gallery-icon landscape'>\n\t\t\t\t<a href='https:\/\/zezivotaryb.cz\/wp-content\/uploads\/2013\/02\/Slunecnice-pestra-Lepomis-gibbosus01.jpg'><img loading=\"lazy\" decoding=\"async\" width=\"150\" height=\"99\" src=\"https:\/\/zezivotaryb.cz\/wp-content\/uploads\/2013\/02\/Slunecnice-pestra-Lepomis-gibbosus01-150x99.jpg\" class=\"attachment-thumbnail size-thumbnail\" alt=\"\" srcset=\"https:\/\/zezivotaryb.cz\/wp-content\/uploads\/2013\/02\/Slunecnice-pestra-Lepomis-gibbosus01-150x99.jpg 150w, https:\/\/zezivotaryb.cz\/wp-content\/uploads\/2013\/02\/Slunecnice-pestra-Lepomis-gibbosus01-300x199.jpg 300w, https:\/\/zezivotaryb.cz\/wp-content\/uploads\/2013\/02\/Slunecnice-pestra-Lepomis-gibbosus01.jpg 501w\" sizes=\"auto, (max-width: 150px) 100vw, 150px\" data-attachment-id=\"913\" data-permalink=\"https:\/\/zezivotaryb.cz\/?attachment_id=913\" data-orig-file=\"https:\/\/zezivotaryb.cz\/wp-content\/uploads\/2013\/02\/Slunecnice-pestra-Lepomis-gibbosus01.jpg\" data-orig-size=\"501,334\" data-comments-opened=\"1\" data-image-meta=\"{&quot;aperture&quot;:&quot;7.1&quot;,&quot;credit&quot;:&quot;R.STEFANEK&quot;,&quot;camera&quot;:&quot;Canon EOS 550D&quot;,&quot;caption&quot;:&quot;&quot;,&quot;created_timestamp&quot;:&quot;1345560324&quot;,&quot;copyright&quot;:&quot;R. \\u0160tef\\u00e1nek&quot;,&quot;focal_length&quot;:&quot;20&quot;,&quot;iso&quot;:&quot;400&quot;,&quot;shutter_speed&quot;:&quot;0.0125&quot;,&quot;title&quot;:&quot;&quot;}\" data-image-title=\"Slunecnice pestra (Lepomis gibbosus)01\" data-image-description=\"\" data-image-caption=\"\" data-medium-file=\"https:\/\/zezivotaryb.cz\/wp-content\/uploads\/2013\/02\/Slunecnice-pestra-Lepomis-gibbosus01-300x199.jpg\" data-large-file=\"https:\/\/zezivotaryb.cz\/wp-content\/uploads\/2013\/02\/Slunecnice-pestra-Lepomis-gibbosus01.jpg\" \/><\/a>\n\t\t\t<\/div><\/figure><figure class='gallery-item'>\n\t\t\t<div class='gallery-icon landscape'>\n\t\t\t\t<a href='https:\/\/zezivotaryb.cz\/wp-content\/uploads\/2013\/02\/Slunecnice-pestra-Lepomis-gibbosus03.jpg'><img loading=\"lazy\" decoding=\"async\" width=\"150\" height=\"99\" src=\"https:\/\/zezivotaryb.cz\/wp-content\/uploads\/2013\/02\/Slunecnice-pestra-Lepomis-gibbosus03-150x99.jpg\" class=\"attachment-thumbnail size-thumbnail\" alt=\"\" srcset=\"https:\/\/zezivotaryb.cz\/wp-content\/uploads\/2013\/02\/Slunecnice-pestra-Lepomis-gibbosus03-150x99.jpg 150w, https:\/\/zezivotaryb.cz\/wp-content\/uploads\/2013\/02\/Slunecnice-pestra-Lepomis-gibbosus03-300x199.jpg 300w, https:\/\/zezivotaryb.cz\/wp-content\/uploads\/2013\/02\/Slunecnice-pestra-Lepomis-gibbosus03.jpg 501w\" sizes=\"auto, (max-width: 150px) 100vw, 150px\" data-attachment-id=\"912\" data-permalink=\"https:\/\/zezivotaryb.cz\/?attachment_id=912\" data-orig-file=\"https:\/\/zezivotaryb.cz\/wp-content\/uploads\/2013\/02\/Slunecnice-pestra-Lepomis-gibbosus03.jpg\" data-orig-size=\"501,334\" data-comments-opened=\"1\" data-image-meta=\"{&quot;aperture&quot;:&quot;7.1&quot;,&quot;credit&quot;:&quot;R.STEFANEK&quot;,&quot;camera&quot;:&quot;Canon EOS 550D&quot;,&quot;caption&quot;:&quot;&quot;,&quot;created_timestamp&quot;:&quot;1345560324&quot;,&quot;copyright&quot;:&quot;R. \\u0160tef\\u00e1nek&quot;,&quot;focal_length&quot;:&quot;20&quot;,&quot;iso&quot;:&quot;400&quot;,&quot;shutter_speed&quot;:&quot;0.0125&quot;,&quot;title&quot;:&quot;&quot;}\" data-image-title=\"Slunecnice pestra (Lepomis gibbosus)03\" data-image-description=\"\" data-image-caption=\"\" data-medium-file=\"https:\/\/zezivotaryb.cz\/wp-content\/uploads\/2013\/02\/Slunecnice-pestra-Lepomis-gibbosus03-300x199.jpg\" data-large-file=\"https:\/\/zezivotaryb.cz\/wp-content\/uploads\/2013\/02\/Slunecnice-pestra-Lepomis-gibbosus03.jpg\" \/><\/a>\n\t\t\t<\/div><\/figure><figure class='gallery-item'>\n\t\t\t<div class='gallery-icon landscape'>\n\t\t\t\t<a href='https:\/\/zezivotaryb.cz\/wp-content\/uploads\/2013\/02\/Slunecnice-pestra-Lepomis-gibbosus02.jpg'><img loading=\"lazy\" decoding=\"async\" width=\"150\" height=\"99\" src=\"https:\/\/zezivotaryb.cz\/wp-content\/uploads\/2013\/02\/Slunecnice-pestra-Lepomis-gibbosus02-150x99.jpg\" class=\"attachment-thumbnail size-thumbnail\" alt=\"\" srcset=\"https:\/\/zezivotaryb.cz\/wp-content\/uploads\/2013\/02\/Slunecnice-pestra-Lepomis-gibbosus02-150x99.jpg 150w, https:\/\/zezivotaryb.cz\/wp-content\/uploads\/2013\/02\/Slunecnice-pestra-Lepomis-gibbosus02-300x199.jpg 300w, https:\/\/zezivotaryb.cz\/wp-content\/uploads\/2013\/02\/Slunecnice-pestra-Lepomis-gibbosus02.jpg 501w\" sizes=\"auto, (max-width: 150px) 100vw, 150px\" data-attachment-id=\"911\" data-permalink=\"https:\/\/zezivotaryb.cz\/?attachment_id=911\" data-orig-file=\"https:\/\/zezivotaryb.cz\/wp-content\/uploads\/2013\/02\/Slunecnice-pestra-Lepomis-gibbosus02.jpg\" data-orig-size=\"501,334\" data-comments-opened=\"1\" data-image-meta=\"{&quot;aperture&quot;:&quot;7.1&quot;,&quot;credit&quot;:&quot;R.STEFANEK&quot;,&quot;camera&quot;:&quot;Canon EOS 550D&quot;,&quot;caption&quot;:&quot;&quot;,&quot;created_timestamp&quot;:&quot;1345560324&quot;,&quot;copyright&quot;:&quot;R. \\u0160tef\\u00e1nek&quot;,&quot;focal_length&quot;:&quot;20&quot;,&quot;iso&quot;:&quot;400&quot;,&quot;shutter_speed&quot;:&quot;0.0125&quot;,&quot;title&quot;:&quot;&quot;}\" data-image-title=\"Slunecnice pestra (Lepomis gibbosus)02\" data-image-description=\"\" data-image-caption=\"\" data-medium-file=\"https:\/\/zezivotaryb.cz\/wp-content\/uploads\/2013\/02\/Slunecnice-pestra-Lepomis-gibbosus02-300x199.jpg\" data-large-file=\"https:\/\/zezivotaryb.cz\/wp-content\/uploads\/2013\/02\/Slunecnice-pestra-Lepomis-gibbosus02.jpg\" \/><\/a>\n\t\t\t<\/div><\/figure><figure class='gallery-item'>\n\t\t\t<div class='gallery-icon landscape'>\n\t\t\t\t<a href='https:\/\/zezivotaryb.cz\/wp-content\/uploads\/2013\/08\/Slunecnice-pestra-Lepomis-gibbosus-09.jpg'><img loading=\"lazy\" decoding=\"async\" width=\"150\" height=\"100\" src=\"https:\/\/zezivotaryb.cz\/wp-content\/uploads\/2013\/08\/Slunecnice-pestra-Lepomis-gibbosus-09-150x100.jpg\" class=\"attachment-thumbnail size-thumbnail\" alt=\"\" srcset=\"https:\/\/zezivotaryb.cz\/wp-content\/uploads\/2013\/08\/Slunecnice-pestra-Lepomis-gibbosus-09-150x100.jpg 150w, https:\/\/zezivotaryb.cz\/wp-content\/uploads\/2013\/08\/Slunecnice-pestra-Lepomis-gibbosus-09-300x200.jpg 300w, https:\/\/zezivotaryb.cz\/wp-content\/uploads\/2013\/08\/Slunecnice-pestra-Lepomis-gibbosus-09.jpg 600w\" sizes=\"auto, (max-width: 150px) 100vw, 150px\" data-attachment-id=\"1352\" data-permalink=\"https:\/\/zezivotaryb.cz\/?attachment_id=1352\" data-orig-file=\"https:\/\/zezivotaryb.cz\/wp-content\/uploads\/2013\/08\/Slunecnice-pestra-Lepomis-gibbosus-09.jpg\" data-orig-size=\"600,400\" data-comments-opened=\"1\" data-image-meta=\"{&quot;aperture&quot;:&quot;7.1&quot;,&quot;credit&quot;:&quot;R.STEFANEK&quot;,&quot;camera&quot;:&quot;Canon EOS 550D&quot;,&quot;caption&quot;:&quot;&quot;,&quot;created_timestamp&quot;:&quot;1345560324&quot;,&quot;copyright&quot;:&quot;R. \\u0160tef\\u00e1nek&quot;,&quot;focal_length&quot;:&quot;20&quot;,&quot;iso&quot;:&quot;400&quot;,&quot;shutter_speed&quot;:&quot;0.0125&quot;,&quot;title&quot;:&quot;&quot;}\" data-image-title=\"Slunecnice pestra (Lepomis gibbosus) 09\" data-image-description=\"\" data-image-caption=\"\" data-medium-file=\"https:\/\/zezivotaryb.cz\/wp-content\/uploads\/2013\/08\/Slunecnice-pestra-Lepomis-gibbosus-09-300x200.jpg\" data-large-file=\"https:\/\/zezivotaryb.cz\/wp-content\/uploads\/2013\/08\/Slunecnice-pestra-Lepomis-gibbosus-09.jpg\" \/><\/a>\n\t\t\t<\/div><\/figure><figure class='gallery-item'>\n\t\t\t<div class='gallery-icon landscape'>\n\t\t\t\t<a href='https:\/\/zezivotaryb.cz\/wp-content\/uploads\/2013\/08\/Slunecnice-pestra-Lepomis-gibbosus-01.jpg'><img loading=\"lazy\" decoding=\"async\" width=\"150\" height=\"100\" src=\"https:\/\/zezivotaryb.cz\/wp-content\/uploads\/2013\/08\/Slunecnice-pestra-Lepomis-gibbosus-01-150x100.jpg\" class=\"attachment-thumbnail size-thumbnail\" alt=\"\" srcset=\"https:\/\/zezivotaryb.cz\/wp-content\/uploads\/2013\/08\/Slunecnice-pestra-Lepomis-gibbosus-01-150x100.jpg 150w, https:\/\/zezivotaryb.cz\/wp-content\/uploads\/2013\/08\/Slunecnice-pestra-Lepomis-gibbosus-01-300x200.jpg 300w, https:\/\/zezivotaryb.cz\/wp-content\/uploads\/2013\/08\/Slunecnice-pestra-Lepomis-gibbosus-01.jpg 600w\" sizes=\"auto, (max-width: 150px) 100vw, 150px\" data-attachment-id=\"1354\" data-permalink=\"https:\/\/zezivotaryb.cz\/?attachment_id=1354\" data-orig-file=\"https:\/\/zezivotaryb.cz\/wp-content\/uploads\/2013\/08\/Slunecnice-pestra-Lepomis-gibbosus-01.jpg\" data-orig-size=\"600,400\" data-comments-opened=\"1\" data-image-meta=\"{&quot;aperture&quot;:&quot;7.1&quot;,&quot;credit&quot;:&quot;R.STEFANEK&quot;,&quot;camera&quot;:&quot;Canon EOS 550D&quot;,&quot;caption&quot;:&quot;&quot;,&quot;created_timestamp&quot;:&quot;1345560324&quot;,&quot;copyright&quot;:&quot;R. \\u0160tef\\u00e1nek&quot;,&quot;focal_length&quot;:&quot;20&quot;,&quot;iso&quot;:&quot;400&quot;,&quot;shutter_speed&quot;:&quot;0.0125&quot;,&quot;title&quot;:&quot;&quot;}\" data-image-title=\"Slunecnice pestra (Lepomis gibbosus) 01\" data-image-description=\"\" data-image-caption=\"\" data-medium-file=\"https:\/\/zezivotaryb.cz\/wp-content\/uploads\/2013\/08\/Slunecnice-pestra-Lepomis-gibbosus-01-300x200.jpg\" data-large-file=\"https:\/\/zezivotaryb.cz\/wp-content\/uploads\/2013\/08\/Slunecnice-pestra-Lepomis-gibbosus-01.jpg\" \/><\/a>\n\t\t\t<\/div><\/figure><figure class='gallery-item'>\n\t\t\t<div class='gallery-icon landscape'>\n\t\t\t\t<a href='https:\/\/zezivotaryb.cz\/wp-content\/uploads\/2013\/08\/Slunecnice-pestra-Lepomis-gibbosus-06.jpg'><img loading=\"lazy\" decoding=\"async\" width=\"150\" height=\"100\" src=\"https:\/\/zezivotaryb.cz\/wp-content\/uploads\/2013\/08\/Slunecnice-pestra-Lepomis-gibbosus-06-150x100.jpg\" class=\"attachment-thumbnail size-thumbnail\" alt=\"\" srcset=\"https:\/\/zezivotaryb.cz\/wp-content\/uploads\/2013\/08\/Slunecnice-pestra-Lepomis-gibbosus-06-150x100.jpg 150w, https:\/\/zezivotaryb.cz\/wp-content\/uploads\/2013\/08\/Slunecnice-pestra-Lepomis-gibbosus-06-300x200.jpg 300w, https:\/\/zezivotaryb.cz\/wp-content\/uploads\/2013\/08\/Slunecnice-pestra-Lepomis-gibbosus-06.jpg 600w\" sizes=\"auto, (max-width: 150px) 100vw, 150px\" data-attachment-id=\"1349\" data-permalink=\"https:\/\/zezivotaryb.cz\/?attachment_id=1349\" data-orig-file=\"https:\/\/zezivotaryb.cz\/wp-content\/uploads\/2013\/08\/Slunecnice-pestra-Lepomis-gibbosus-06.jpg\" data-orig-size=\"600,400\" data-comments-opened=\"1\" data-image-meta=\"{&quot;aperture&quot;:&quot;7.1&quot;,&quot;credit&quot;:&quot;R.STEFANEK&quot;,&quot;camera&quot;:&quot;Canon EOS 550D&quot;,&quot;caption&quot;:&quot;&quot;,&quot;created_timestamp&quot;:&quot;1345560324&quot;,&quot;copyright&quot;:&quot;R. \\u0160tef\\u00e1nek&quot;,&quot;focal_length&quot;:&quot;20&quot;,&quot;iso&quot;:&quot;400&quot;,&quot;shutter_speed&quot;:&quot;0.0125&quot;,&quot;title&quot;:&quot;&quot;}\" data-image-title=\"Slunecnice pestra (Lepomis gibbosus) 06\" data-image-description=\"\" data-image-caption=\"\" data-medium-file=\"https:\/\/zezivotaryb.cz\/wp-content\/uploads\/2013\/08\/Slunecnice-pestra-Lepomis-gibbosus-06-300x200.jpg\" data-large-file=\"https:\/\/zezivotaryb.cz\/wp-content\/uploads\/2013\/08\/Slunecnice-pestra-Lepomis-gibbosus-06.jpg\" \/><\/a>\n\t\t\t<\/div><\/figure><figure class='gallery-item'>\n\t\t\t<div class='gallery-icon landscape'>\n\t\t\t\t<a href='https:\/\/zezivotaryb.cz\/wp-content\/uploads\/2013\/08\/Slunecnice-pestra-Lepomis-gibbosus-03.jpg'><img loading=\"lazy\" decoding=\"async\" width=\"150\" height=\"150\" src=\"https:\/\/zezivotaryb.cz\/wp-content\/uploads\/2013\/08\/Slunecnice-pestra-Lepomis-gibbosus-03-150x150.jpg\" class=\"attachment-thumbnail size-thumbnail\" alt=\"\" srcset=\"https:\/\/zezivotaryb.cz\/wp-content\/uploads\/2013\/08\/Slunecnice-pestra-Lepomis-gibbosus-03-150x150.jpg 150w, https:\/\/zezivotaryb.cz\/wp-content\/uploads\/2013\/08\/Slunecnice-pestra-Lepomis-gibbosus-03-300x300.jpg 300w, https:\/\/zezivotaryb.cz\/wp-content\/uploads\/2013\/08\/Slunecnice-pestra-Lepomis-gibbosus-03.jpg 600w\" sizes=\"auto, (max-width: 150px) 100vw, 150px\" data-attachment-id=\"1356\" data-permalink=\"https:\/\/zezivotaryb.cz\/?attachment_id=1356\" data-orig-file=\"https:\/\/zezivotaryb.cz\/wp-content\/uploads\/2013\/08\/Slunecnice-pestra-Lepomis-gibbosus-03.jpg\" data-orig-size=\"600,600\" data-comments-opened=\"1\" data-image-meta=\"{&quot;aperture&quot;:&quot;9&quot;,&quot;credit&quot;:&quot;R.STEFANEK&quot;,&quot;camera&quot;:&quot;Canon EOS 550D&quot;,&quot;caption&quot;:&quot;&quot;,&quot;created_timestamp&quot;:&quot;1366020208&quot;,&quot;copyright&quot;:&quot;&quot;,&quot;focal_length&quot;:&quot;30&quot;,&quot;iso&quot;:&quot;400&quot;,&quot;shutter_speed&quot;:&quot;0.0125&quot;,&quot;title&quot;:&quot;&quot;}\" data-image-title=\"Slunecnice pestra (Lepomis gibbosus) 03\" data-image-description=\"\" data-image-caption=\"\" data-medium-file=\"https:\/\/zezivotaryb.cz\/wp-content\/uploads\/2013\/08\/Slunecnice-pestra-Lepomis-gibbosus-03-300x300.jpg\" data-large-file=\"https:\/\/zezivotaryb.cz\/wp-content\/uploads\/2013\/08\/Slunecnice-pestra-Lepomis-gibbosus-03.jpg\" \/><\/a>\n\t\t\t<\/div><\/figure><figure class='gallery-item'>\n\t\t\t<div class='gallery-icon portrait'>\n\t\t\t\t<a href='https:\/\/zezivotaryb.cz\/wp-content\/uploads\/2013\/08\/Slunecnice-pestra-Lepomis-gibbosus-02.jpg'><img loading=\"lazy\" decoding=\"async\" width=\"117\" height=\"150\" src=\"https:\/\/zezivotaryb.cz\/wp-content\/uploads\/2013\/08\/Slunecnice-pestra-Lepomis-gibbosus-02-117x150.jpg\" class=\"attachment-thumbnail size-thumbnail\" alt=\"\" srcset=\"https:\/\/zezivotaryb.cz\/wp-content\/uploads\/2013\/08\/Slunecnice-pestra-Lepomis-gibbosus-02-117x150.jpg 117w, https:\/\/zezivotaryb.cz\/wp-content\/uploads\/2013\/08\/Slunecnice-pestra-Lepomis-gibbosus-02-234x300.jpg 234w, https:\/\/zezivotaryb.cz\/wp-content\/uploads\/2013\/08\/Slunecnice-pestra-Lepomis-gibbosus-02.jpg 468w\" sizes=\"auto, (max-width: 117px) 100vw, 117px\" data-attachment-id=\"1355\" data-permalink=\"https:\/\/zezivotaryb.cz\/?attachment_id=1355\" data-orig-file=\"https:\/\/zezivotaryb.cz\/wp-content\/uploads\/2013\/08\/Slunecnice-pestra-Lepomis-gibbosus-02.jpg\" data-orig-size=\"468,600\" data-comments-opened=\"1\" data-image-meta=\"{&quot;aperture&quot;:&quot;7.1&quot;,&quot;credit&quot;:&quot;R.STEFANEK&quot;,&quot;camera&quot;:&quot;Canon EOS 550D&quot;,&quot;caption&quot;:&quot;&quot;,&quot;created_timestamp&quot;:&quot;1345560324&quot;,&quot;copyright&quot;:&quot;&quot;,&quot;focal_length&quot;:&quot;20&quot;,&quot;iso&quot;:&quot;400&quot;,&quot;shutter_speed&quot;:&quot;0.0125&quot;,&quot;title&quot;:&quot;&quot;}\" data-image-title=\"Slunecnice pestra (Lepomis gibbosus) 02\" data-image-description=\"\" data-image-caption=\"\" data-medium-file=\"https:\/\/zezivotaryb.cz\/wp-content\/uploads\/2013\/08\/Slunecnice-pestra-Lepomis-gibbosus-02-234x300.jpg\" data-large-file=\"https:\/\/zezivotaryb.cz\/wp-content\/uploads\/2013\/08\/Slunecnice-pestra-Lepomis-gibbosus-02.jpg\" \/><\/a>\n\t\t\t<\/div><\/figure>\n\t\t<\/div>\n\n<h4><span style=\"color: #808080;\"><strong>Okounek pstruhov\u00fd<\/strong> (<em>Micropterus salmoides<\/em>)<\/span><\/h4>\n<div data-carousel-extra='{\"blog_id\":1,\"permalink\":\"https:\\\/\\\/zezivotaryb.cz\\\/?page_id=500\"}' id='gallery-2' class='gallery galleryid-500 gallery-columns-3 gallery-size-thumbnail'><figure class='gallery-item'>\n\t\t\t<div class='gallery-icon landscape'>\n\t\t\t\t<a href='https:\/\/zezivotaryb.cz\/wp-content\/uploads\/2013\/02\/okounek_pstruhovy_micropterus-salmoides_01.jpg'><img loading=\"lazy\" decoding=\"async\" width=\"150\" height=\"99\" src=\"https:\/\/zezivotaryb.cz\/wp-content\/uploads\/2013\/02\/okounek_pstruhovy_micropterus-salmoides_01-150x99.jpg\" class=\"attachment-thumbnail size-thumbnail\" alt=\"\" srcset=\"https:\/\/zezivotaryb.cz\/wp-content\/uploads\/2013\/02\/okounek_pstruhovy_micropterus-salmoides_01-150x99.jpg 150w, https:\/\/zezivotaryb.cz\/wp-content\/uploads\/2013\/02\/okounek_pstruhovy_micropterus-salmoides_01-300x199.jpg 300w, https:\/\/zezivotaryb.cz\/wp-content\/uploads\/2013\/02\/okounek_pstruhovy_micropterus-salmoides_01.jpg 650w\" sizes=\"auto, (max-width: 150px) 100vw, 150px\" data-attachment-id=\"1748\" data-permalink=\"https:\/\/zezivotaryb.cz\/?attachment_id=1748\" data-orig-file=\"https:\/\/zezivotaryb.cz\/wp-content\/uploads\/2013\/02\/okounek_pstruhovy_micropterus-salmoides_01.jpg\" data-orig-size=\"650,433\" data-comments-opened=\"1\" data-image-meta=\"{&quot;aperture&quot;:&quot;0&quot;,&quot;credit&quot;:&quot;R.STEFANEK&quot;,&quot;camera&quot;:&quot;&quot;,&quot;caption&quot;:&quot;&quot;,&quot;created_timestamp&quot;:&quot;0&quot;,&quot;copyright&quot;:&quot;&quot;,&quot;focal_length&quot;:&quot;0&quot;,&quot;iso&quot;:&quot;0&quot;,&quot;shutter_speed&quot;:&quot;0&quot;,&quot;title&quot;:&quot;&quot;}\" data-image-title=\"okounek_pstruhovy_micropterus-salmoides_01\" data-image-description=\"\" data-image-caption=\"\" data-medium-file=\"https:\/\/zezivotaryb.cz\/wp-content\/uploads\/2013\/02\/okounek_pstruhovy_micropterus-salmoides_01-300x199.jpg\" data-large-file=\"https:\/\/zezivotaryb.cz\/wp-content\/uploads\/2013\/02\/okounek_pstruhovy_micropterus-salmoides_01.jpg\" \/><\/a>\n\t\t\t<\/div><\/figure><figure class='gallery-item'>\n\t\t\t<div class='gallery-icon landscape'>\n\t\t\t\t<a href='https:\/\/zezivotaryb.cz\/wp-content\/uploads\/2013\/02\/okounek_pstruhovy_micropterus-salmoides_02.jpg'><img loading=\"lazy\" decoding=\"async\" width=\"150\" height=\"99\" src=\"https:\/\/zezivotaryb.cz\/wp-content\/uploads\/2013\/02\/okounek_pstruhovy_micropterus-salmoides_02-150x99.jpg\" class=\"attachment-thumbnail size-thumbnail\" alt=\"\" srcset=\"https:\/\/zezivotaryb.cz\/wp-content\/uploads\/2013\/02\/okounek_pstruhovy_micropterus-salmoides_02-150x99.jpg 150w, https:\/\/zezivotaryb.cz\/wp-content\/uploads\/2013\/02\/okounek_pstruhovy_micropterus-salmoides_02-300x199.jpg 300w, https:\/\/zezivotaryb.cz\/wp-content\/uploads\/2013\/02\/okounek_pstruhovy_micropterus-salmoides_02.jpg 650w\" sizes=\"auto, (max-width: 150px) 100vw, 150px\" data-attachment-id=\"1749\" data-permalink=\"https:\/\/zezivotaryb.cz\/?attachment_id=1749\" data-orig-file=\"https:\/\/zezivotaryb.cz\/wp-content\/uploads\/2013\/02\/okounek_pstruhovy_micropterus-salmoides_02.jpg\" data-orig-size=\"650,433\" data-comments-opened=\"1\" data-image-meta=\"{&quot;aperture&quot;:&quot;0&quot;,&quot;credit&quot;:&quot;R.STEFANEK&quot;,&quot;camera&quot;:&quot;&quot;,&quot;caption&quot;:&quot;&quot;,&quot;created_timestamp&quot;:&quot;0&quot;,&quot;copyright&quot;:&quot;&quot;,&quot;focal_length&quot;:&quot;0&quot;,&quot;iso&quot;:&quot;0&quot;,&quot;shutter_speed&quot;:&quot;0&quot;,&quot;title&quot;:&quot;&quot;}\" data-image-title=\"okounek_pstruhovy_micropterus-salmoides_02\" data-image-description=\"\" data-image-caption=\"\" data-medium-file=\"https:\/\/zezivotaryb.cz\/wp-content\/uploads\/2013\/02\/okounek_pstruhovy_micropterus-salmoides_02-300x199.jpg\" data-large-file=\"https:\/\/zezivotaryb.cz\/wp-content\/uploads\/2013\/02\/okounek_pstruhovy_micropterus-salmoides_02.jpg\" \/><\/a>\n\t\t\t<\/div><\/figure><figure class='gallery-item'>\n\t\t\t<div class='gallery-icon landscape'>\n\t\t\t\t<a href='https:\/\/zezivotaryb.cz\/wp-content\/uploads\/2013\/02\/okounek_pstruhovy_micropterus-salmoides_03.jpg'><img loading=\"lazy\" decoding=\"async\" width=\"150\" height=\"99\" src=\"https:\/\/zezivotaryb.cz\/wp-content\/uploads\/2013\/02\/okounek_pstruhovy_micropterus-salmoides_03-150x99.jpg\" class=\"attachment-thumbnail size-thumbnail\" alt=\"\" srcset=\"https:\/\/zezivotaryb.cz\/wp-content\/uploads\/2013\/02\/okounek_pstruhovy_micropterus-salmoides_03-150x99.jpg 150w, https:\/\/zezivotaryb.cz\/wp-content\/uploads\/2013\/02\/okounek_pstruhovy_micropterus-salmoides_03-300x199.jpg 300w, https:\/\/zezivotaryb.cz\/wp-content\/uploads\/2013\/02\/okounek_pstruhovy_micropterus-salmoides_03.jpg 650w\" sizes=\"auto, (max-width: 150px) 100vw, 150px\" data-attachment-id=\"1750\" data-permalink=\"https:\/\/zezivotaryb.cz\/?attachment_id=1750\" data-orig-file=\"https:\/\/zezivotaryb.cz\/wp-content\/uploads\/2013\/02\/okounek_pstruhovy_micropterus-salmoides_03.jpg\" data-orig-size=\"650,433\" data-comments-opened=\"1\" data-image-meta=\"{&quot;aperture&quot;:&quot;0&quot;,&quot;credit&quot;:&quot;R.STEFANEK&quot;,&quot;camera&quot;:&quot;&quot;,&quot;caption&quot;:&quot;&quot;,&quot;created_timestamp&quot;:&quot;0&quot;,&quot;copyright&quot;:&quot;&quot;,&quot;focal_length&quot;:&quot;0&quot;,&quot;iso&quot;:&quot;0&quot;,&quot;shutter_speed&quot;:&quot;0&quot;,&quot;title&quot;:&quot;&quot;}\" data-image-title=\"okounek_pstruhovy_micropterus-salmoides_03\" data-image-description=\"\" data-image-caption=\"\" data-medium-file=\"https:\/\/zezivotaryb.cz\/wp-content\/uploads\/2013\/02\/okounek_pstruhovy_micropterus-salmoides_03-300x199.jpg\" data-large-file=\"https:\/\/zezivotaryb.cz\/wp-content\/uploads\/2013\/02\/okounek_pstruhovy_micropterus-salmoides_03.jpg\" \/><\/a>\n\t\t\t<\/div><\/figure><figure class='gallery-item'>\n\t\t\t<div class='gallery-icon landscape'>\n\t\t\t\t<a href='https:\/\/zezivotaryb.cz\/wp-content\/uploads\/2013\/02\/okounek_pstruhovy_micropterus-salmoides_04.jpg'><img loading=\"lazy\" decoding=\"async\" width=\"150\" height=\"99\" src=\"https:\/\/zezivotaryb.cz\/wp-content\/uploads\/2013\/02\/okounek_pstruhovy_micropterus-salmoides_04-150x99.jpg\" class=\"attachment-thumbnail size-thumbnail\" alt=\"\" srcset=\"https:\/\/zezivotaryb.cz\/wp-content\/uploads\/2013\/02\/okounek_pstruhovy_micropterus-salmoides_04-150x99.jpg 150w, https:\/\/zezivotaryb.cz\/wp-content\/uploads\/2013\/02\/okounek_pstruhovy_micropterus-salmoides_04-300x199.jpg 300w, https:\/\/zezivotaryb.cz\/wp-content\/uploads\/2013\/02\/okounek_pstruhovy_micropterus-salmoides_04.jpg 650w\" sizes=\"auto, (max-width: 150px) 100vw, 150px\" data-attachment-id=\"1751\" data-permalink=\"https:\/\/zezivotaryb.cz\/?attachment_id=1751\" data-orig-file=\"https:\/\/zezivotaryb.cz\/wp-content\/uploads\/2013\/02\/okounek_pstruhovy_micropterus-salmoides_04.jpg\" data-orig-size=\"650,433\" data-comments-opened=\"1\" data-image-meta=\"{&quot;aperture&quot;:&quot;0&quot;,&quot;credit&quot;:&quot;R.STEFANEK&quot;,&quot;camera&quot;:&quot;&quot;,&quot;caption&quot;:&quot;&quot;,&quot;created_timestamp&quot;:&quot;0&quot;,&quot;copyright&quot;:&quot;&quot;,&quot;focal_length&quot;:&quot;0&quot;,&quot;iso&quot;:&quot;0&quot;,&quot;shutter_speed&quot;:&quot;0&quot;,&quot;title&quot;:&quot;&quot;}\" data-image-title=\"okounek_pstruhovy_micropterus-salmoides_04\" data-image-description=\"\" data-image-caption=\"\" data-medium-file=\"https:\/\/zezivotaryb.cz\/wp-content\/uploads\/2013\/02\/okounek_pstruhovy_micropterus-salmoides_04-300x199.jpg\" data-large-file=\"https:\/\/zezivotaryb.cz\/wp-content\/uploads\/2013\/02\/okounek_pstruhovy_micropterus-salmoides_04.jpg\" \/><\/a>\n\t\t\t<\/div><\/figure>\n\t\t<\/div>\n\n","protected":false},"excerpt":{"rendered":"<p>Slune\u010dnice pestr\u00e1 (Lepomis gibbosus) Okounek pstruhov\u00fd (Micropterus salmoides)<\/p>\n","protected":false},"author":1,"featured_media":0,"parent":66,"menu_order":0,"comment_status":"open","ping_status":"open","template":"","meta":{"footnotes":""},"class_list":["post-500","page","type-page","status-publish","hentry"],"jetpack_sharing_enabled":true,"_links":{"self":[{"href":"https:\/\/zezivotaryb.cz\/index.php?rest_route=\/wp\/v2\/pages\/500","targetHints":{"allow":["GET"]}}],"collection":[{"href":"https:\/\/zezivotaryb.cz\/index.php?rest_route=\/wp\/v2\/pages"}],"about":[{"href":"https:\/\/zezivotaryb.cz\/index.php?rest_route=\/wp\/v2\/types\/page"}],"author":[{"embeddable":true,"href":"https:\/\/zezivotaryb.cz\/index.php?rest_route=\/wp\/v2\/users\/1"}],"replies":[{"embeddable":true,"href":"https:\/\/zezivotaryb.cz\/index.php?rest_route=%2Fwp%2Fv2%2Fcomments&post=500"}],"version-history":[{"count":10,"href":"https:\/\/zezivotaryb.cz\/index.php?rest_route=\/wp\/v2\/pages\/500\/revisions"}],"predecessor-version":[{"id":1753,"href":"https:\/\/zezivotaryb.cz\/index.php?rest_route=\/wp\/v2\/pages\/500\/revisions\/1753"}],"up":[{"embeddable":true,"href":"https:\/\/zezivotaryb.cz\/index.php?rest_route=\/wp\/v2\/pages\/66"}],"wp:attachment":[{"href":"https:\/\/zezivotaryb.cz\/index.php?rest_route=%2Fwp%2Fv2%2Fmedia&parent=500"}],"curies":[{"name":"wp","href":"https:\/\/api.w.org\/{rel}","templated":true}]}}