{"id":1776,"date":"2014-05-06T14:33:02","date_gmt":"2014-05-06T14:33:02","guid":{"rendered":"http:\/\/zezivotaryb.cz\/?page_id=1776"},"modified":"2015-05-06T14:19:47","modified_gmt":"2015-05-06T14:19:47","slug":"sumeckoviti","status":"publish","type":"page","link":"https:\/\/zezivotaryb.cz\/?page_id=1776","title":{"rendered":"Sume\u010dkovit\u00ed"},"content":{"rendered":"<h4><span style=\"color: #808080;\">Sume\u010dek \u010dern\u00fd <em>(Ameiurus melas)<\/em><\/span><div data-carousel-extra='{\"blog_id\":1,\"permalink\":\"https:\\\/\\\/zezivotaryb.cz\\\/?page_id=1776\"}' id='gallery-1' class='gallery galleryid-1776 gallery-columns-3 gallery-size-thumbnail'><figure class='gallery-item'>\n\t\t\t<div class='gallery-icon landscape'>\n\t\t\t\t<a href='https:\/\/zezivotaryb.cz\/wp-content\/uploads\/2014\/05\/sumecek_cerny_Ameiurus-melas_00.jpg'><img loading=\"lazy\" decoding=\"async\" width=\"150\" height=\"99\" src=\"https:\/\/zezivotaryb.cz\/wp-content\/uploads\/2014\/05\/sumecek_cerny_Ameiurus-melas_00-150x99.jpg\" class=\"attachment-thumbnail size-thumbnail\" alt=\"\" srcset=\"https:\/\/zezivotaryb.cz\/wp-content\/uploads\/2014\/05\/sumecek_cerny_Ameiurus-melas_00-150x99.jpg 150w, https:\/\/zezivotaryb.cz\/wp-content\/uploads\/2014\/05\/sumecek_cerny_Ameiurus-melas_00-300x199.jpg 300w, https:\/\/zezivotaryb.cz\/wp-content\/uploads\/2014\/05\/sumecek_cerny_Ameiurus-melas_00.jpg 650w\" sizes=\"auto, (max-width: 150px) 100vw, 150px\" data-attachment-id=\"1765\" data-permalink=\"https:\/\/zezivotaryb.cz\/?attachment_id=1765\" data-orig-file=\"https:\/\/zezivotaryb.cz\/wp-content\/uploads\/2014\/05\/sumecek_cerny_Ameiurus-melas_00.jpg\" data-orig-size=\"650,433\" data-comments-opened=\"1\" data-image-meta=\"{&quot;aperture&quot;:&quot;0&quot;,&quot;credit&quot;:&quot;&quot;,&quot;camera&quot;:&quot;&quot;,&quot;caption&quot;:&quot;&quot;,&quot;created_timestamp&quot;:&quot;0&quot;,&quot;copyright&quot;:&quot;&quot;,&quot;focal_length&quot;:&quot;0&quot;,&quot;iso&quot;:&quot;0&quot;,&quot;shutter_speed&quot;:&quot;0&quot;,&quot;title&quot;:&quot;&quot;}\" data-image-title=\"sumecek_cerny_Ameiurus-melas_00\" data-image-description=\"\" data-image-caption=\"\" data-medium-file=\"https:\/\/zezivotaryb.cz\/wp-content\/uploads\/2014\/05\/sumecek_cerny_Ameiurus-melas_00-300x199.jpg\" data-large-file=\"https:\/\/zezivotaryb.cz\/wp-content\/uploads\/2014\/05\/sumecek_cerny_Ameiurus-melas_00.jpg\" \/><\/a>\n\t\t\t<\/div><\/figure><figure class='gallery-item'>\n\t\t\t<div class='gallery-icon landscape'>\n\t\t\t\t<a href='https:\/\/zezivotaryb.cz\/wp-content\/uploads\/2014\/05\/sumecek_cerny_Ameiurus-melas_08.jpg'><img loading=\"lazy\" decoding=\"async\" width=\"150\" height=\"99\" src=\"https:\/\/zezivotaryb.cz\/wp-content\/uploads\/2014\/05\/sumecek_cerny_Ameiurus-melas_08-150x99.jpg\" class=\"attachment-thumbnail size-thumbnail\" alt=\"\" srcset=\"https:\/\/zezivotaryb.cz\/wp-content\/uploads\/2014\/05\/sumecek_cerny_Ameiurus-melas_08-150x99.jpg 150w, https:\/\/zezivotaryb.cz\/wp-content\/uploads\/2014\/05\/sumecek_cerny_Ameiurus-melas_08-300x199.jpg 300w, https:\/\/zezivotaryb.cz\/wp-content\/uploads\/2014\/05\/sumecek_cerny_Ameiurus-melas_08.jpg 650w\" sizes=\"auto, (max-width: 150px) 100vw, 150px\" data-attachment-id=\"1774\" data-permalink=\"https:\/\/zezivotaryb.cz\/?attachment_id=1774\" data-orig-file=\"https:\/\/zezivotaryb.cz\/wp-content\/uploads\/2014\/05\/sumecek_cerny_Ameiurus-melas_08.jpg\" data-orig-size=\"650,433\" data-comments-opened=\"1\" data-image-meta=\"{&quot;aperture&quot;:&quot;0&quot;,&quot;credit&quot;:&quot;&quot;,&quot;camera&quot;:&quot;&quot;,&quot;caption&quot;:&quot;&quot;,&quot;created_timestamp&quot;:&quot;0&quot;,&quot;copyright&quot;:&quot;&quot;,&quot;focal_length&quot;:&quot;0&quot;,&quot;iso&quot;:&quot;0&quot;,&quot;shutter_speed&quot;:&quot;0&quot;,&quot;title&quot;:&quot;&quot;}\" data-image-title=\"sumecek_cerny_Ameiurus-melas_08\" data-image-description=\"\" data-image-caption=\"\" data-medium-file=\"https:\/\/zezivotaryb.cz\/wp-content\/uploads\/2014\/05\/sumecek_cerny_Ameiurus-melas_08-300x199.jpg\" data-large-file=\"https:\/\/zezivotaryb.cz\/wp-content\/uploads\/2014\/05\/sumecek_cerny_Ameiurus-melas_08.jpg\" \/><\/a>\n\t\t\t<\/div><\/figure><figure class='gallery-item'>\n\t\t\t<div class='gallery-icon landscape'>\n\t\t\t\t<a href='https:\/\/zezivotaryb.cz\/wp-content\/uploads\/2014\/05\/sumecek_cerny_Ameiurus-melas_01.jpg'><img loading=\"lazy\" decoding=\"async\" width=\"150\" height=\"99\" src=\"https:\/\/zezivotaryb.cz\/wp-content\/uploads\/2014\/05\/sumecek_cerny_Ameiurus-melas_01-150x99.jpg\" class=\"attachment-thumbnail size-thumbnail\" alt=\"\" srcset=\"https:\/\/zezivotaryb.cz\/wp-content\/uploads\/2014\/05\/sumecek_cerny_Ameiurus-melas_01-150x99.jpg 150w, https:\/\/zezivotaryb.cz\/wp-content\/uploads\/2014\/05\/sumecek_cerny_Ameiurus-melas_01-300x199.jpg 300w, https:\/\/zezivotaryb.cz\/wp-content\/uploads\/2014\/05\/sumecek_cerny_Ameiurus-melas_01.jpg 650w\" sizes=\"auto, (max-width: 150px) 100vw, 150px\" data-attachment-id=\"1766\" data-permalink=\"https:\/\/zezivotaryb.cz\/?attachment_id=1766\" data-orig-file=\"https:\/\/zezivotaryb.cz\/wp-content\/uploads\/2014\/05\/sumecek_cerny_Ameiurus-melas_01.jpg\" data-orig-size=\"650,433\" data-comments-opened=\"1\" data-image-meta=\"{&quot;aperture&quot;:&quot;0&quot;,&quot;credit&quot;:&quot;&quot;,&quot;camera&quot;:&quot;&quot;,&quot;caption&quot;:&quot;&quot;,&quot;created_timestamp&quot;:&quot;0&quot;,&quot;copyright&quot;:&quot;&quot;,&quot;focal_length&quot;:&quot;0&quot;,&quot;iso&quot;:&quot;0&quot;,&quot;shutter_speed&quot;:&quot;0&quot;,&quot;title&quot;:&quot;&quot;}\" data-image-title=\"sumecek_cerny_Ameiurus-melas_01\" data-image-description=\"\" data-image-caption=\"\" data-medium-file=\"https:\/\/zezivotaryb.cz\/wp-content\/uploads\/2014\/05\/sumecek_cerny_Ameiurus-melas_01-300x199.jpg\" data-large-file=\"https:\/\/zezivotaryb.cz\/wp-content\/uploads\/2014\/05\/sumecek_cerny_Ameiurus-melas_01.jpg\" \/><\/a>\n\t\t\t<\/div><\/figure><figure class='gallery-item'>\n\t\t\t<div class='gallery-icon landscape'>\n\t\t\t\t<a href='https:\/\/zezivotaryb.cz\/wp-content\/uploads\/2014\/05\/sumecek_cerny_Ameiurus-melas_02.jpg'><img loading=\"lazy\" decoding=\"async\" width=\"150\" height=\"99\" src=\"https:\/\/zezivotaryb.cz\/wp-content\/uploads\/2014\/05\/sumecek_cerny_Ameiurus-melas_02-150x99.jpg\" class=\"attachment-thumbnail size-thumbnail\" alt=\"\" srcset=\"https:\/\/zezivotaryb.cz\/wp-content\/uploads\/2014\/05\/sumecek_cerny_Ameiurus-melas_02-150x99.jpg 150w, https:\/\/zezivotaryb.cz\/wp-content\/uploads\/2014\/05\/sumecek_cerny_Ameiurus-melas_02-300x199.jpg 300w, https:\/\/zezivotaryb.cz\/wp-content\/uploads\/2014\/05\/sumecek_cerny_Ameiurus-melas_02.jpg 650w\" sizes=\"auto, (max-width: 150px) 100vw, 150px\" data-attachment-id=\"1767\" data-permalink=\"https:\/\/zezivotaryb.cz\/?attachment_id=1767\" data-orig-file=\"https:\/\/zezivotaryb.cz\/wp-content\/uploads\/2014\/05\/sumecek_cerny_Ameiurus-melas_02.jpg\" data-orig-size=\"650,433\" data-comments-opened=\"1\" data-image-meta=\"{&quot;aperture&quot;:&quot;0&quot;,&quot;credit&quot;:&quot;&quot;,&quot;camera&quot;:&quot;&quot;,&quot;caption&quot;:&quot;&quot;,&quot;created_timestamp&quot;:&quot;0&quot;,&quot;copyright&quot;:&quot;&quot;,&quot;focal_length&quot;:&quot;0&quot;,&quot;iso&quot;:&quot;0&quot;,&quot;shutter_speed&quot;:&quot;0&quot;,&quot;title&quot;:&quot;&quot;}\" data-image-title=\"sumecek_cerny_Ameiurus-melas_02\" data-image-description=\"\" data-image-caption=\"\" data-medium-file=\"https:\/\/zezivotaryb.cz\/wp-content\/uploads\/2014\/05\/sumecek_cerny_Ameiurus-melas_02-300x199.jpg\" data-large-file=\"https:\/\/zezivotaryb.cz\/wp-content\/uploads\/2014\/05\/sumecek_cerny_Ameiurus-melas_02.jpg\" \/><\/a>\n\t\t\t<\/div><\/figure><figure class='gallery-item'>\n\t\t\t<div class='gallery-icon landscape'>\n\t\t\t\t<a href='https:\/\/zezivotaryb.cz\/wp-content\/uploads\/2014\/05\/sumecek_cerny_Ameiurus-melas_03.jpg'><img loading=\"lazy\" decoding=\"async\" width=\"150\" height=\"99\" src=\"https:\/\/zezivotaryb.cz\/wp-content\/uploads\/2014\/05\/sumecek_cerny_Ameiurus-melas_03-150x99.jpg\" class=\"attachment-thumbnail size-thumbnail\" alt=\"\" srcset=\"https:\/\/zezivotaryb.cz\/wp-content\/uploads\/2014\/05\/sumecek_cerny_Ameiurus-melas_03-150x99.jpg 150w, https:\/\/zezivotaryb.cz\/wp-content\/uploads\/2014\/05\/sumecek_cerny_Ameiurus-melas_03-300x199.jpg 300w, https:\/\/zezivotaryb.cz\/wp-content\/uploads\/2014\/05\/sumecek_cerny_Ameiurus-melas_03.jpg 650w\" sizes=\"auto, (max-width: 150px) 100vw, 150px\" data-attachment-id=\"1768\" data-permalink=\"https:\/\/zezivotaryb.cz\/?attachment_id=1768\" data-orig-file=\"https:\/\/zezivotaryb.cz\/wp-content\/uploads\/2014\/05\/sumecek_cerny_Ameiurus-melas_03.jpg\" data-orig-size=\"650,433\" data-comments-opened=\"1\" data-image-meta=\"{&quot;aperture&quot;:&quot;0&quot;,&quot;credit&quot;:&quot;&quot;,&quot;camera&quot;:&quot;&quot;,&quot;caption&quot;:&quot;&quot;,&quot;created_timestamp&quot;:&quot;0&quot;,&quot;copyright&quot;:&quot;&quot;,&quot;focal_length&quot;:&quot;0&quot;,&quot;iso&quot;:&quot;0&quot;,&quot;shutter_speed&quot;:&quot;0&quot;,&quot;title&quot;:&quot;&quot;}\" data-image-title=\"sumecek_cerny_Ameiurus-melas_03\" data-image-description=\"\" data-image-caption=\"\" data-medium-file=\"https:\/\/zezivotaryb.cz\/wp-content\/uploads\/2014\/05\/sumecek_cerny_Ameiurus-melas_03-300x199.jpg\" data-large-file=\"https:\/\/zezivotaryb.cz\/wp-content\/uploads\/2014\/05\/sumecek_cerny_Ameiurus-melas_03.jpg\" \/><\/a>\n\t\t\t<\/div><\/figure><figure class='gallery-item'>\n\t\t\t<div class='gallery-icon landscape'>\n\t\t\t\t<a href='https:\/\/zezivotaryb.cz\/wp-content\/uploads\/2014\/05\/sumecek_cerny_Ameiurus-melas_04.jpg'><img loading=\"lazy\" decoding=\"async\" width=\"150\" height=\"99\" src=\"https:\/\/zezivotaryb.cz\/wp-content\/uploads\/2014\/05\/sumecek_cerny_Ameiurus-melas_04-150x99.jpg\" class=\"attachment-thumbnail size-thumbnail\" alt=\"\" srcset=\"https:\/\/zezivotaryb.cz\/wp-content\/uploads\/2014\/05\/sumecek_cerny_Ameiurus-melas_04-150x99.jpg 150w, https:\/\/zezivotaryb.cz\/wp-content\/uploads\/2014\/05\/sumecek_cerny_Ameiurus-melas_04-300x199.jpg 300w, https:\/\/zezivotaryb.cz\/wp-content\/uploads\/2014\/05\/sumecek_cerny_Ameiurus-melas_04.jpg 650w\" sizes=\"auto, (max-width: 150px) 100vw, 150px\" data-attachment-id=\"1769\" data-permalink=\"https:\/\/zezivotaryb.cz\/?attachment_id=1769\" data-orig-file=\"https:\/\/zezivotaryb.cz\/wp-content\/uploads\/2014\/05\/sumecek_cerny_Ameiurus-melas_04.jpg\" data-orig-size=\"650,433\" data-comments-opened=\"1\" data-image-meta=\"{&quot;aperture&quot;:&quot;0&quot;,&quot;credit&quot;:&quot;&quot;,&quot;camera&quot;:&quot;&quot;,&quot;caption&quot;:&quot;&quot;,&quot;created_timestamp&quot;:&quot;0&quot;,&quot;copyright&quot;:&quot;&quot;,&quot;focal_length&quot;:&quot;0&quot;,&quot;iso&quot;:&quot;0&quot;,&quot;shutter_speed&quot;:&quot;0&quot;,&quot;title&quot;:&quot;&quot;}\" data-image-title=\"sumecek_cerny_Ameiurus-melas_04\" data-image-description=\"\" data-image-caption=\"\" data-medium-file=\"https:\/\/zezivotaryb.cz\/wp-content\/uploads\/2014\/05\/sumecek_cerny_Ameiurus-melas_04-300x199.jpg\" data-large-file=\"https:\/\/zezivotaryb.cz\/wp-content\/uploads\/2014\/05\/sumecek_cerny_Ameiurus-melas_04.jpg\" \/><\/a>\n\t\t\t<\/div><\/figure><figure class='gallery-item'>\n\t\t\t<div class='gallery-icon portrait'>\n\t\t\t\t<a href='https:\/\/zezivotaryb.cz\/wp-content\/uploads\/2014\/05\/sumecek_cerny_Ameiurus-melas_05.jpg'><img loading=\"lazy\" decoding=\"async\" width=\"99\" height=\"150\" src=\"https:\/\/zezivotaryb.cz\/wp-content\/uploads\/2014\/05\/sumecek_cerny_Ameiurus-melas_05-99x150.jpg\" class=\"attachment-thumbnail size-thumbnail\" alt=\"\" srcset=\"https:\/\/zezivotaryb.cz\/wp-content\/uploads\/2014\/05\/sumecek_cerny_Ameiurus-melas_05-99x150.jpg 99w, https:\/\/zezivotaryb.cz\/wp-content\/uploads\/2014\/05\/sumecek_cerny_Ameiurus-melas_05-199x300.jpg 199w, https:\/\/zezivotaryb.cz\/wp-content\/uploads\/2014\/05\/sumecek_cerny_Ameiurus-melas_05.jpg 433w\" sizes=\"auto, (max-width: 99px) 100vw, 99px\" data-attachment-id=\"1770\" data-permalink=\"https:\/\/zezivotaryb.cz\/?attachment_id=1770\" data-orig-file=\"https:\/\/zezivotaryb.cz\/wp-content\/uploads\/2014\/05\/sumecek_cerny_Ameiurus-melas_05.jpg\" data-orig-size=\"433,650\" data-comments-opened=\"1\" data-image-meta=\"{&quot;aperture&quot;:&quot;0&quot;,&quot;credit&quot;:&quot;&quot;,&quot;camera&quot;:&quot;&quot;,&quot;caption&quot;:&quot;&quot;,&quot;created_timestamp&quot;:&quot;0&quot;,&quot;copyright&quot;:&quot;&quot;,&quot;focal_length&quot;:&quot;0&quot;,&quot;iso&quot;:&quot;0&quot;,&quot;shutter_speed&quot;:&quot;0&quot;,&quot;title&quot;:&quot;&quot;}\" data-image-title=\"sumecek_cerny_Ameiurus-melas_05\" data-image-description=\"\" data-image-caption=\"\" data-medium-file=\"https:\/\/zezivotaryb.cz\/wp-content\/uploads\/2014\/05\/sumecek_cerny_Ameiurus-melas_05-199x300.jpg\" data-large-file=\"https:\/\/zezivotaryb.cz\/wp-content\/uploads\/2014\/05\/sumecek_cerny_Ameiurus-melas_05.jpg\" \/><\/a>\n\t\t\t<\/div><\/figure><figure class='gallery-item'>\n\t\t\t<div class='gallery-icon portrait'>\n\t\t\t\t<a href='https:\/\/zezivotaryb.cz\/wp-content\/uploads\/2014\/05\/sumecek_cerny_Ameiurus-melas_06.jpg'><img loading=\"lazy\" decoding=\"async\" width=\"99\" height=\"150\" src=\"https:\/\/zezivotaryb.cz\/wp-content\/uploads\/2014\/05\/sumecek_cerny_Ameiurus-melas_06-99x150.jpg\" class=\"attachment-thumbnail size-thumbnail\" alt=\"\" srcset=\"https:\/\/zezivotaryb.cz\/wp-content\/uploads\/2014\/05\/sumecek_cerny_Ameiurus-melas_06-99x150.jpg 99w, https:\/\/zezivotaryb.cz\/wp-content\/uploads\/2014\/05\/sumecek_cerny_Ameiurus-melas_06-199x300.jpg 199w, https:\/\/zezivotaryb.cz\/wp-content\/uploads\/2014\/05\/sumecek_cerny_Ameiurus-melas_06.jpg 433w\" sizes=\"auto, (max-width: 99px) 100vw, 99px\" data-attachment-id=\"1771\" data-permalink=\"https:\/\/zezivotaryb.cz\/?attachment_id=1771\" data-orig-file=\"https:\/\/zezivotaryb.cz\/wp-content\/uploads\/2014\/05\/sumecek_cerny_Ameiurus-melas_06.jpg\" data-orig-size=\"433,650\" data-comments-opened=\"1\" data-image-meta=\"{&quot;aperture&quot;:&quot;0&quot;,&quot;credit&quot;:&quot;&quot;,&quot;camera&quot;:&quot;&quot;,&quot;caption&quot;:&quot;&quot;,&quot;created_timestamp&quot;:&quot;0&quot;,&quot;copyright&quot;:&quot;&quot;,&quot;focal_length&quot;:&quot;0&quot;,&quot;iso&quot;:&quot;0&quot;,&quot;shutter_speed&quot;:&quot;0&quot;,&quot;title&quot;:&quot;&quot;}\" data-image-title=\"sumecek_cerny_Ameiurus-melas_06\" data-image-description=\"\" data-image-caption=\"\" data-medium-file=\"https:\/\/zezivotaryb.cz\/wp-content\/uploads\/2014\/05\/sumecek_cerny_Ameiurus-melas_06-199x300.jpg\" data-large-file=\"https:\/\/zezivotaryb.cz\/wp-content\/uploads\/2014\/05\/sumecek_cerny_Ameiurus-melas_06.jpg\" \/><\/a>\n\t\t\t<\/div><\/figure><figure class='gallery-item'>\n\t\t\t<div class='gallery-icon portrait'>\n\t\t\t\t<a href='https:\/\/zezivotaryb.cz\/wp-content\/uploads\/2014\/05\/sumecek_cerny_Ameiurus-melas_07.jpg'><img loading=\"lazy\" decoding=\"async\" width=\"99\" height=\"150\" src=\"https:\/\/zezivotaryb.cz\/wp-content\/uploads\/2014\/05\/sumecek_cerny_Ameiurus-melas_07-99x150.jpg\" class=\"attachment-thumbnail size-thumbnail\" alt=\"\" srcset=\"https:\/\/zezivotaryb.cz\/wp-content\/uploads\/2014\/05\/sumecek_cerny_Ameiurus-melas_07-99x150.jpg 99w, https:\/\/zezivotaryb.cz\/wp-content\/uploads\/2014\/05\/sumecek_cerny_Ameiurus-melas_07-199x300.jpg 199w, https:\/\/zezivotaryb.cz\/wp-content\/uploads\/2014\/05\/sumecek_cerny_Ameiurus-melas_07.jpg 433w\" sizes=\"auto, (max-width: 99px) 100vw, 99px\" data-attachment-id=\"1772\" data-permalink=\"https:\/\/zezivotaryb.cz\/?attachment_id=1772\" data-orig-file=\"https:\/\/zezivotaryb.cz\/wp-content\/uploads\/2014\/05\/sumecek_cerny_Ameiurus-melas_07.jpg\" data-orig-size=\"433,650\" data-comments-opened=\"1\" data-image-meta=\"{&quot;aperture&quot;:&quot;0&quot;,&quot;credit&quot;:&quot;&quot;,&quot;camera&quot;:&quot;&quot;,&quot;caption&quot;:&quot;&quot;,&quot;created_timestamp&quot;:&quot;0&quot;,&quot;copyright&quot;:&quot;&quot;,&quot;focal_length&quot;:&quot;0&quot;,&quot;iso&quot;:&quot;0&quot;,&quot;shutter_speed&quot;:&quot;0&quot;,&quot;title&quot;:&quot;&quot;}\" data-image-title=\"sumecek_cerny_Ameiurus-melas_07\" data-image-description=\"\" data-image-caption=\"\" data-medium-file=\"https:\/\/zezivotaryb.cz\/wp-content\/uploads\/2014\/05\/sumecek_cerny_Ameiurus-melas_07-199x300.jpg\" data-large-file=\"https:\/\/zezivotaryb.cz\/wp-content\/uploads\/2014\/05\/sumecek_cerny_Ameiurus-melas_07.jpg\" \/><\/a>\n\t\t\t<\/div><\/figure>\n\t\t<\/div>\n<\/h4>\n<p>&nbsp;<\/p>\n<h4><span style=\"color: #808080;\">Sume\u010dek americk\u00fd <em>(Ameiurus nebulosus)<div data-carousel-extra='{\"blog_id\":1,\"permalink\":\"https:\\\/\\\/zezivotaryb.cz\\\/?page_id=1776\"}' id='gallery-2' class='gallery galleryid-1776 gallery-columns-3 gallery-size-thumbnail'><figure class='gallery-item'>\n\t\t\t<div class='gallery-icon landscape'>\n\t\t\t\t<a href='https:\/\/zezivotaryb.cz\/wp-content\/uploads\/2014\/05\/sumecek-americky_Ameiurus-nebulosus-01.jpg'><img loading=\"lazy\" decoding=\"async\" width=\"150\" height=\"99\" src=\"https:\/\/zezivotaryb.cz\/wp-content\/uploads\/2014\/05\/sumecek-americky_Ameiurus-nebulosus-01-150x99.jpg\" class=\"attachment-thumbnail size-thumbnail\" alt=\"\" srcset=\"https:\/\/zezivotaryb.cz\/wp-content\/uploads\/2014\/05\/sumecek-americky_Ameiurus-nebulosus-01-150x99.jpg 150w, https:\/\/zezivotaryb.cz\/wp-content\/uploads\/2014\/05\/sumecek-americky_Ameiurus-nebulosus-01-300x198.jpg 300w, https:\/\/zezivotaryb.cz\/wp-content\/uploads\/2014\/05\/sumecek-americky_Ameiurus-nebulosus-01.jpg 646w\" sizes=\"auto, (max-width: 150px) 100vw, 150px\" data-attachment-id=\"2056\" data-permalink=\"https:\/\/zezivotaryb.cz\/?attachment_id=2056\" data-orig-file=\"https:\/\/zezivotaryb.cz\/wp-content\/uploads\/2014\/05\/sumecek-americky_Ameiurus-nebulosus-01.jpg\" data-orig-size=\"646,428\" data-comments-opened=\"1\" data-image-meta=\"{&quot;aperture&quot;:&quot;0&quot;,&quot;credit&quot;:&quot;R.STEFANEK&quot;,&quot;camera&quot;:&quot;&quot;,&quot;caption&quot;:&quot;&quot;,&quot;created_timestamp&quot;:&quot;0&quot;,&quot;copyright&quot;:&quot;&quot;,&quot;focal_length&quot;:&quot;0&quot;,&quot;iso&quot;:&quot;0&quot;,&quot;shutter_speed&quot;:&quot;0&quot;,&quot;title&quot;:&quot;&quot;}\" data-image-title=\"sumecek-americky_Ameiurus-nebulosus-01\" data-image-description=\"\" data-image-caption=\"\" data-medium-file=\"https:\/\/zezivotaryb.cz\/wp-content\/uploads\/2014\/05\/sumecek-americky_Ameiurus-nebulosus-01-300x198.jpg\" data-large-file=\"https:\/\/zezivotaryb.cz\/wp-content\/uploads\/2014\/05\/sumecek-americky_Ameiurus-nebulosus-01.jpg\" \/><\/a>\n\t\t\t<\/div><\/figure><figure class='gallery-item'>\n\t\t\t<div class='gallery-icon landscape'>\n\t\t\t\t<a href='https:\/\/zezivotaryb.cz\/wp-content\/uploads\/2014\/05\/sumecek-americky_Ameiurus-nebulosus-02.jpg'><img loading=\"lazy\" decoding=\"async\" width=\"150\" height=\"98\" src=\"https:\/\/zezivotaryb.cz\/wp-content\/uploads\/2014\/05\/sumecek-americky_Ameiurus-nebulosus-02-150x98.jpg\" class=\"attachment-thumbnail size-thumbnail\" alt=\"\" srcset=\"https:\/\/zezivotaryb.cz\/wp-content\/uploads\/2014\/05\/sumecek-americky_Ameiurus-nebulosus-02-150x98.jpg 150w, https:\/\/zezivotaryb.cz\/wp-content\/uploads\/2014\/05\/sumecek-americky_Ameiurus-nebulosus-02-300x197.jpg 300w, https:\/\/zezivotaryb.cz\/wp-content\/uploads\/2014\/05\/sumecek-americky_Ameiurus-nebulosus-02.jpg 650w\" sizes=\"auto, (max-width: 150px) 100vw, 150px\" data-attachment-id=\"2057\" data-permalink=\"https:\/\/zezivotaryb.cz\/?attachment_id=2057\" data-orig-file=\"https:\/\/zezivotaryb.cz\/wp-content\/uploads\/2014\/05\/sumecek-americky_Ameiurus-nebulosus-02.jpg\" data-orig-size=\"650,428\" data-comments-opened=\"1\" data-image-meta=\"{&quot;aperture&quot;:&quot;0&quot;,&quot;credit&quot;:&quot;R.STEFANEK&quot;,&quot;camera&quot;:&quot;&quot;,&quot;caption&quot;:&quot;&quot;,&quot;created_timestamp&quot;:&quot;0&quot;,&quot;copyright&quot;:&quot;&quot;,&quot;focal_length&quot;:&quot;0&quot;,&quot;iso&quot;:&quot;0&quot;,&quot;shutter_speed&quot;:&quot;0&quot;,&quot;title&quot;:&quot;&quot;}\" data-image-title=\"sumecek-americky_Ameiurus-nebulosus-02,\" data-image-description=\"\" data-image-caption=\"\" data-medium-file=\"https:\/\/zezivotaryb.cz\/wp-content\/uploads\/2014\/05\/sumecek-americky_Ameiurus-nebulosus-02-300x197.jpg\" data-large-file=\"https:\/\/zezivotaryb.cz\/wp-content\/uploads\/2014\/05\/sumecek-americky_Ameiurus-nebulosus-02.jpg\" \/><\/a>\n\t\t\t<\/div><\/figure>\n\t\t<\/div>\n<\/p>\n<p><\/em><\/span><\/h4>\n<p>&nbsp;<\/p>\n<p>&nbsp;<\/p>\n","protected":false},"excerpt":{"rendered":"<p>Sume\u010dek \u010dern\u00fd (Ameiurus melas) &nbsp; Sume\u010dek americk\u00fd (Ameiurus nebulosus) &nbsp; &nbsp;<\/p>\n","protected":false},"author":1,"featured_media":0,"parent":536,"menu_order":0,"comment_status":"open","ping_status":"open","template":"","meta":{"footnotes":""},"class_list":["post-1776","page","type-page","status-publish","hentry"],"jetpack_sharing_enabled":true,"_links":{"self":[{"href":"https:\/\/zezivotaryb.cz\/index.php?rest_route=\/wp\/v2\/pages\/1776","targetHints":{"allow":["GET"]}}],"collection":[{"href":"https:\/\/zezivotaryb.cz\/index.php?rest_route=\/wp\/v2\/pages"}],"about":[{"href":"https:\/\/zezivotaryb.cz\/index.php?rest_route=\/wp\/v2\/types\/page"}],"author":[{"embeddable":true,"href":"https:\/\/zezivotaryb.cz\/index.php?rest_route=\/wp\/v2\/users\/1"}],"replies":[{"embeddable":true,"href":"https:\/\/zezivotaryb.cz\/index.php?rest_route=%2Fwp%2Fv2%2Fcomments&post=1776"}],"version-history":[{"count":6,"href":"https:\/\/zezivotaryb.cz\/index.php?rest_route=\/wp\/v2\/pages\/1776\/revisions"}],"predecessor-version":[{"id":2078,"href":"https:\/\/zezivotaryb.cz\/index.php?rest_route=\/wp\/v2\/pages\/1776\/revisions\/2078"}],"up":[{"embeddable":true,"href":"https:\/\/zezivotaryb.cz\/index.php?rest_route=\/wp\/v2\/pages\/536"}],"wp:attachment":[{"href":"https:\/\/zezivotaryb.cz\/index.php?rest_route=%2Fwp%2Fv2%2Fmedia&parent=1776"}],"curies":[{"name":"wp","href":"https:\/\/api.w.org\/{rel}","templated":true}]}}